{"id":1874,"date":"2024-12-24T11:26:22","date_gmt":"2024-12-24T11:26:22","guid":{"rendered":"https:\/\/ambcn.es\/contacto\/"},"modified":"2026-05-07T15:12:46","modified_gmt":"2026-05-07T15:12:46","slug":"contacto","status":"publish","type":"page","link":"https:\/\/astonmartinbarcelona.com\/es\/contacto\/","title":{"rendered":"Contacto"},"content":{"rendered":"\t\t<div data-elementor-type=\"wp-page\" data-elementor-id=\"1874\" class=\"elementor elementor-1874 elementor-1470\" data-elementor-post-type=\"page\">\n\t\t\t\t<div class=\"elementor-element elementor-element-4155436 e-con-full e-flex e-con e-parent\" data-id=\"4155436\" data-element_type=\"container\" data-settings=\"{&quot;background_background&quot;:&quot;classic&quot;}\">\n\t\t\t\t<div class=\"elementor-element elementor-element-0d148ec elementor-widget elementor-widget-heading\" data-id=\"0d148ec\" data-element_type=\"widget\" data-widget_type=\"heading.default\">\n\t\t\t\t\t<h1 class=\"elementor-heading-title elementor-size-default\">CONTACTENOS<\/h1>\t\t\t\t<\/div>\n\t\t\t\t<\/div>\n\t\t<div class=\"elementor-element elementor-element-d41dd41 e-con-full e-flex e-con e-parent\" data-id=\"d41dd41\" data-element_type=\"container\" data-settings=\"{&quot;background_background&quot;:&quot;classic&quot;}\">\n\t\t<div class=\"elementor-element elementor-element-a8695ee e-con-full e-flex e-con e-child\" data-id=\"a8695ee\" data-element_type=\"container\">\n\t\t\t\t<div class=\"elementor-element elementor-element-9e8ade2 elementor-widget elementor-widget-text-editor\" data-id=\"9e8ade2\" data-element_type=\"widget\" data-widget_type=\"text-editor.default\">\n\t\t\t\t\t\t\t\t\t<div class=\"contact-header\"><p class=\"contact-instructions\">Rellene el siguiente formulario indicando su solicitud y uno de nuestros asesores se pondr\u00e1 en contacto con usted lo antes posible.<\/p><\/div>\t\t\t\t\t\t\t\t<\/div>\n\t\t\t\t<div class=\"elementor-element elementor-element-8e06099 elementor-widget elementor-widget-spacer\" data-id=\"8e06099\" data-element_type=\"widget\" data-widget_type=\"spacer.default\">\n\t\t\t\t\t\t\t<div class=\"elementor-spacer\">\n\t\t\t<div class=\"elementor-spacer-inner\"><\/div>\n\t\t<\/div>\n\t\t\t\t\t\t<\/div>\n\t\t\t\t<div class=\"elementor-element elementor-element-9857c63 elementor-button-align-end elementor-widget elementor-widget-form\" data-id=\"9857c63\" data-element_type=\"widget\" data-settings=\"{&quot;step_next_label&quot;:&quot;Siguiente&quot;,&quot;step_previous_label&quot;:&quot;Anterior&quot;,&quot;button_width&quot;:&quot;100&quot;,&quot;step_type&quot;:&quot;number_text&quot;,&quot;step_icon_shape&quot;:&quot;circle&quot;}\" data-widget_type=\"form.default\">\n\t\t\t\t\t\t\t<form class=\"elementor-form\" method=\"post\" name=\"Formulario Contacto\" aria-label=\"Formulario Contacto\">\n\t\t\t<input type=\"hidden\" name=\"post_id\" value=\"1874\"\/>\n\t\t\t<input type=\"hidden\" name=\"form_id\" value=\"9857c63\"\/>\n\t\t\t<input type=\"hidden\" name=\"referer_title\" value=\"Aston Martin Barcelona Official Dealer\" \/>\n\n\t\t\t\n\t\t\t<div class=\"elementor-form-fields-wrapper elementor-labels-above\">\n\t\t\t\t\t\t\t\t<div class=\"elementor-field-type-text elementor-field-group elementor-column elementor-field-group-first_name elementor-col-25 elementor-field-required\">\n\t\t\t\t\t\t\t\t\t\t\t\t<label for=\"form-field-first_name\" class=\"elementor-field-label\">\n\t\t\t\t\t\t\t\tNombre\t\t\t\t\t\t\t<\/label>\n\t\t\t\t\t\t\t\t\t\t\t\t\t\t<input size=\"1\" type=\"text\" name=\"form_fields[first_name]\" id=\"form-field-first_name\" class=\"elementor-field elementor-size-sm  elementor-field-textual\" required=\"required\">\n\t\t\t\t\t\t\t\t\t\t\t<\/div>\n\t\t\t\t\t\t\t\t<div class=\"elementor-field-type-text elementor-field-group elementor-column elementor-field-group-last_name elementor-col-25 elementor-field-required\">\n\t\t\t\t\t\t\t\t\t\t\t\t<label for=\"form-field-last_name\" class=\"elementor-field-label\">\n\t\t\t\t\t\t\t\tApellidos\t\t\t\t\t\t\t<\/label>\n\t\t\t\t\t\t\t\t\t\t\t\t\t\t<input size=\"1\" type=\"text\" name=\"form_fields[last_name]\" id=\"form-field-last_name\" class=\"elementor-field elementor-size-sm  elementor-field-textual\" required=\"required\">\n\t\t\t\t\t\t\t\t\t\t\t<\/div>\n\t\t\t\t\t\t\t\t<div class=\"elementor-field-type-tel elementor-field-group elementor-column elementor-field-group-phone elementor-col-25 elementor-field-required\">\n\t\t\t\t\t\t\t\t\t\t\t\t<label for=\"form-field-phone\" class=\"elementor-field-label\">\n\t\t\t\t\t\t\t\t Tel\u00e9fono\t\t\t\t\t\t\t<\/label>\n\t\t\t\t\t\t\t\t<input size=\"1\" type=\"tel\" name=\"form_fields[phone]\" id=\"form-field-phone\" class=\"elementor-field elementor-size-sm  elementor-field-textual\" required=\"required\" pattern=\"[0-9()#&amp;+*-=.]+\" title=\"Solo se aceptan n\u00fameros y caracteres de tel\u00e9fono (#,-,*,etc).\">\n\n\t\t\t\t\t\t<\/div>\n\t\t\t\t\t\t\t\t<div class=\"elementor-field-type-email elementor-field-group elementor-column elementor-field-group-email elementor-col-25 elementor-field-required\">\n\t\t\t\t\t\t\t\t\t\t\t\t<label for=\"form-field-email\" class=\"elementor-field-label\">\n\t\t\t\t\t\t\t\tCorreo electr\u00f3nico\t\t\t\t\t\t\t<\/label>\n\t\t\t\t\t\t\t\t\t\t\t\t\t\t<input size=\"1\" type=\"email\" name=\"form_fields[email]\" id=\"form-field-email\" class=\"elementor-field elementor-size-sm  elementor-field-textual\" required=\"required\">\n\t\t\t\t\t\t\t\t\t\t\t<\/div>\n\t\t\t\t\t\t\t\t<div class=\"elementor-field-type-textarea elementor-field-group elementor-column elementor-field-group-comments elementor-col-100 elementor-field-required\">\n\t\t\t\t\t\t\t\t\t\t\t\t<label for=\"form-field-comments\" class=\"elementor-field-label\">\n\t\t\t\t\t\t\t\tComentarios\t\t\t\t\t\t\t<\/label>\n\t\t\t\t\t\t<textarea class=\"elementor-field-textual elementor-field  elementor-size-sm\" name=\"form_fields[comments]\" id=\"form-field-comments\" rows=\"4\" required=\"required\"><\/textarea>\t\t\t\t<\/div>\n\t\t\t\t\t\t\t\t<div class=\"elementor-field-type-acceptance elementor-field-group elementor-column elementor-field-group-acceptance elementor-col-100 elementor-field-required\">\n\t\t\t\t\t\t\t<div class=\"elementor-field-subgroup\">\n\t\t\t<span class=\"elementor-field-option\">\n\t\t\t\t<input type=\"checkbox\" name=\"form_fields[acceptance]\" id=\"form-field-acceptance\" class=\"elementor-field elementor-size-sm  elementor-acceptance-field\" required=\"required\">\n\t\t\t\t<label for=\"form-field-acceptance\">Al hacer clic en \"Enviar\", da su consentimiento para que Aston Martin Barcelona recopile su informaci\u00f3n personal de acuerdo con su pol\u00edtica de privacidad.<\/label>\t\t\t<\/span>\n\t\t<\/div>\n\t\t\t\t\t\t<\/div>\n\t\t\t\t\t\t\t\t<div class=\"elementor-field-group elementor-column elementor-field-type-submit elementor-col-100 e-form__buttons\">\n\t\t\t\t\t<button class=\"elementor-button elementor-size-sm\" type=\"submit\">\n\t\t\t\t\t\t<span class=\"elementor-button-content-wrapper\">\n\t\t\t\t\t\t\t\t\t\t\t\t\t\t\t\t\t\t\t\t\t\t<span class=\"elementor-button-text\">Enviar<\/span>\n\t\t\t\t\t\t\t\t\t\t\t\t\t<\/span>\n\t\t\t\t\t<\/button>\n\t\t\t\t<\/div>\n\t\t\t<\/div>\n\t\t<\/form>\n\t\t\t\t\t\t<\/div>\n\t\t\t\t<\/div>\n\t\t\t\t<\/div>\n\t\t<div class=\"elementor-element elementor-element-3d37317 e-con-full e-flex e-con e-parent\" data-id=\"3d37317\" data-element_type=\"container\" data-settings=\"{&quot;background_background&quot;:&quot;classic&quot;}\">\n\t\t<div class=\"elementor-element elementor-element-e270118 e-con-full e-flex e-con e-child\" data-id=\"e270118\" data-element_type=\"container\">\n\t\t\t\t<div class=\"elementor-element elementor-element-6ad57d6 elementor-widget elementor-widget-heading\" data-id=\"6ad57d6\" data-element_type=\"widget\" data-widget_type=\"heading.default\">\n\t\t\t\t\t<h2 class=\"elementor-heading-title elementor-size-default\">D\u00f3nde encontrarnos<\/h2>\t\t\t\t<\/div>\n\t\t<div class=\"elementor-element elementor-element-df3572a e-con-full e-flex e-con e-child\" data-id=\"df3572a\" data-element_type=\"container\">\n\t\t\t\t<div class=\"elementor-element elementor-element-656153a elementor-position-left elementor-vertical-align-top elementor-widget elementor-widget-image-box\" data-id=\"656153a\" data-element_type=\"widget\" data-widget_type=\"image-box.default\">\n\t\t\t\t\t<div class=\"elementor-image-box-wrapper\"><figure class=\"elementor-image-box-img\"><img fetchpriority=\"high\" decoding=\"async\" width=\"1269\" height=\"598\" src=\"https:\/\/astonmartinbarcelona.com\/wp-content\/uploads\/2024\/12\/AM_Authorised_Dealer_Logo_Barcelona_black-e1727788032280.png\" class=\"attachment-full size-full wp-image-1205\" alt=\"\" srcset=\"https:\/\/astonmartinbarcelona.com\/wp-content\/uploads\/2024\/12\/AM_Authorised_Dealer_Logo_Barcelona_black-e1727788032280.png 1269w, https:\/\/astonmartinbarcelona.com\/wp-content\/uploads\/2024\/12\/AM_Authorised_Dealer_Logo_Barcelona_black-e1727788032280-300x141.png 300w, https:\/\/astonmartinbarcelona.com\/wp-content\/uploads\/2024\/12\/AM_Authorised_Dealer_Logo_Barcelona_black-e1727788032280-1024x483.png 1024w, https:\/\/astonmartinbarcelona.com\/wp-content\/uploads\/2024\/12\/AM_Authorised_Dealer_Logo_Barcelona_black-e1727788032280-768x362.png 768w\" sizes=\"(max-width: 1269px) 100vw, 1269px\" \/><\/figure><div class=\"elementor-image-box-content\"><h6 class=\"elementor-image-box-title\">Aston Martin Barcelona<\/h6><p class=\"elementor-image-box-description\">Paseo de la Zona Franca, \n06-08, 08038<br><br><a style=\"color:#00665e;font-weight:400;font-size:1.2em\" href=\"tel:+34932896363\">+34 932 896 363<\/a><\/p><\/div><\/div>\t\t\t\t<\/div>\n\t\t\t\t<\/div>\n\t\t<div class=\"elementor-element elementor-element-674885b e-con-full e-flex e-con e-child\" data-id=\"674885b\" data-element_type=\"container\">\n\t\t\t\t<div class=\"elementor-element elementor-element-800ffd0 elementor-widget elementor-widget-heading\" data-id=\"800ffd0\" data-element_type=\"widget\" data-widget_type=\"heading.default\">\n\t\t\t\t\t<h5 class=\"elementor-heading-title elementor-size-default\">Horario (Lunes a Viernes)<\/h5>\t\t\t\t<\/div>\n\t\t\t\t<div class=\"elementor-element elementor-element-dd1b687 elementor-widget elementor-widget-text-editor\" data-id=\"dd1b687\" data-element_type=\"widget\" data-widget_type=\"text-editor.default\">\n\t\t\t\t\t\t\t\t\t<p>Ventas: de 09:00 a 13:00h | de 15:00 a 19:00h<\/p><p>Servicio y Recambios: 08:00 a 13:30h | 15:00 a 17:30h<\/p>\t\t\t\t\t\t\t\t<\/div>\n\t\t\t\t<\/div>\n\t\t\t\t<\/div>\n\t\t<div class=\"elementor-element elementor-element-2cdface e-con-full e-flex e-con e-child\" data-id=\"2cdface\" data-element_type=\"container\">\n\t\t\t\t<div class=\"elementor-element elementor-element-fba0a21 elementor-widget elementor-widget-google_maps\" data-id=\"fba0a21\" data-element_type=\"widget\" data-widget_type=\"google_maps.default\">\n\t\t\t\t\t\t\t<div class=\"elementor-custom-embed\">\n\t\t\t<iframe\n\t\t\t\t\tdata-src=\"https:\/\/maps.google.com\/maps?q=Paseo%20de%20la%20Zona%20Franca%2006-08%2C%2008038Barcelona&#038;t=m&#038;z=12&#038;output=embed&#038;iwloc=near\"\n\t\t\t\t\ttitle=\"Paseo de la Zona Franca 06-08, 08038Barcelona\"\n\t\t\t\t\taria-label=\"Paseo de la Zona Franca 06-08, 08038Barcelona\"\n\t\t\t src=\"data:image\/svg+xml;base64,PHN2ZyB3aWR0aD0iMSIgaGVpZ2h0PSIxIiB4bWxucz0iaHR0cDovL3d3dy53My5vcmcvMjAwMC9zdmciPjwvc3ZnPg==\" class=\"lazyload\" data-load-mode=\"1\"><\/iframe>\n\t\t<\/div>\n\t\t\t\t\t\t<\/div>\n\t\t\t\t<\/div>\n\t\t\t\t<\/div>\n\t\t\t\t<\/div>\n\t\t","protected":false},"excerpt":{"rendered":"<p>CONTACTENOS Rellene el siguiente formulario indicando su solicitud y uno de nuestros asesores se pondr\u00e1 en contacto con usted lo antes posible. D\u00f3nde encontrarnos Aston Martin Barcelona Paseo de la Zona Franca, 06-08, 08038 +34 932 896 363 Horario (Lunes a Viernes) Ventas: de 09:00 a 13:00h | de 15:00 a 19:00h Servicio y Recambios: [&hellip;]<\/p>\n","protected":false},"author":1,"featured_media":0,"parent":0,"menu_order":0,"comment_status":"closed","ping_status":"closed","template":"elementor_header_footer","meta":{"_acf_changed":false,"_eb_attr":"","footnotes":""},"class_list":["post-1874","page","type-page","status-publish","hentry"],"acf":[],"yoast_head":"<!-- This site is optimized with the Yoast SEO plugin v26.5 - https:\/\/yoast.com\/wordpress\/plugins\/seo\/ -->\n<title>Contacta con Aston Martin Barcelona o vis\u00edtanos<\/title>\n<meta name=\"description\" content=\"Aqu\u00ed encontrar\u00e1s todos nuestros datos de contacto, para hablar con ventas o nuestro servicio t\u00e9cnico oficial Aston Martin\" \/>\n<meta name=\"robots\" content=\"index, follow, max-snippet:-1, max-image-preview:large, max-video-preview:-1\" \/>\n<link rel=\"canonical\" href=\"https:\/\/astonmartinbarcelona.com\/contact\/\" \/>\n<meta property=\"og:locale\" content=\"es_ES\" \/>\n<meta property=\"og:type\" content=\"article\" \/>\n<meta property=\"og:title\" content=\"Contacta con Aston Martin Barcelona o vis\u00edtanos\" \/>\n<meta property=\"og:description\" content=\"Aqu\u00ed encontrar\u00e1s todos nuestros datos de contacto, para hablar con ventas o nuestro servicio t\u00e9cnico oficial Aston Martin\" \/>\n<meta property=\"og:url\" content=\"https:\/\/astonmartinbarcelona.com\/contact\/\" \/>\n<meta property=\"og:site_name\" content=\"Aston Martin Barcelona Official Dealer\" \/>\n<meta property=\"article:modified_time\" content=\"2026-05-07T15:12:46+00:00\" \/>\n<meta property=\"og:image\" content=\"https:\/\/astonmartinbarcelona.com\/wp-content\/uploads\/2024\/12\/AM_Authorised_Dealer_Logo_Barcelona_black-e1727788032280.png\" \/>\n\t<meta property=\"og:image:width\" content=\"1269\" \/>\n\t<meta property=\"og:image:height\" content=\"598\" \/>\n\t<meta property=\"og:image:type\" content=\"image\/png\" \/>\n<meta name=\"twitter:card\" content=\"summary_large_image\" \/>\n<meta name=\"twitter:label1\" content=\"Tiempo de lectura\" \/>\n\t<meta name=\"twitter:data1\" content=\"1 minuto\" \/>\n<script type=\"application\/ld+json\" class=\"yoast-schema-graph\">{\"@context\":\"https:\/\/schema.org\",\"@graph\":[{\"@type\":\"WebPage\",\"@id\":\"https:\/\/astonmartinbarcelona.com\/contact\/\",\"url\":\"https:\/\/astonmartinbarcelona.com\/contact\/\",\"name\":\"Contacta con Aston Martin Barcelona o vis\u00edtanos\",\"isPartOf\":{\"@id\":\"https:\/\/astonmartinbarcelona.com\/#website\"},\"primaryImageOfPage\":{\"@id\":\"https:\/\/astonmartinbarcelona.com\/contact\/#primaryimage\"},\"image\":{\"@id\":\"https:\/\/astonmartinbarcelona.com\/contact\/#primaryimage\"},\"thumbnailUrl\":\"https:\/\/astonmartinbarcelona.com\/wp-content\/uploads\/2024\/12\/AM_Authorised_Dealer_Logo_Barcelona_black-e1727788032280.png\",\"datePublished\":\"2024-12-24T11:26:22+00:00\",\"dateModified\":\"2026-05-07T15:12:46+00:00\",\"description\":\"Aqu\u00ed encontrar\u00e1s todos nuestros datos de contacto, para hablar con ventas o nuestro servicio t\u00e9cnico oficial Aston Martin\",\"breadcrumb\":{\"@id\":\"https:\/\/astonmartinbarcelona.com\/contact\/#breadcrumb\"},\"inLanguage\":\"es\",\"potentialAction\":[{\"@type\":\"ReadAction\",\"target\":[\"https:\/\/astonmartinbarcelona.com\/contact\/\"]}]},{\"@type\":\"ImageObject\",\"inLanguage\":\"es\",\"@id\":\"https:\/\/astonmartinbarcelona.com\/contact\/#primaryimage\",\"url\":\"https:\/\/astonmartinbarcelona.com\/wp-content\/uploads\/2024\/12\/AM_Authorised_Dealer_Logo_Barcelona_black-e1727788032280.png\",\"contentUrl\":\"https:\/\/astonmartinbarcelona.com\/wp-content\/uploads\/2024\/12\/AM_Authorised_Dealer_Logo_Barcelona_black-e1727788032280.png\"},{\"@type\":\"BreadcrumbList\",\"@id\":\"https:\/\/astonmartinbarcelona.com\/contact\/#breadcrumb\",\"itemListElement\":[{\"@type\":\"ListItem\",\"position\":1,\"name\":\"Portada\",\"item\":\"https:\/\/astonmartinbarcelona.com\/\"},{\"@type\":\"ListItem\",\"position\":2,\"name\":\"Contacto\"}]},{\"@type\":\"WebSite\",\"@id\":\"https:\/\/astonmartinbarcelona.com\/#website\",\"url\":\"https:\/\/astonmartinbarcelona.com\/\",\"name\":\"Aston Martin Barcelona, concesionario oficial\",\"description\":\"Concesionario oficial Aston Martin y Servicio T\u00e9cnico en Barcelona\",\"publisher\":{\"@id\":\"https:\/\/astonmartinbarcelona.com\/#organization\"},\"potentialAction\":[{\"@type\":\"SearchAction\",\"target\":{\"@type\":\"EntryPoint\",\"urlTemplate\":\"https:\/\/astonmartinbarcelona.com\/?s={search_term_string}\"},\"query-input\":{\"@type\":\"PropertyValueSpecification\",\"valueRequired\":true,\"valueName\":\"search_term_string\"}}],\"inLanguage\":\"es\"},{\"@type\":\"Organization\",\"@id\":\"https:\/\/astonmartinbarcelona.com\/#organization\",\"name\":\"Aston Martin Barcelona, concesionario oficial\",\"url\":\"https:\/\/astonmartinbarcelona.com\/\",\"logo\":{\"@type\":\"ImageObject\",\"inLanguage\":\"es\",\"@id\":\"https:\/\/astonmartinbarcelona.com\/#\/schema\/logo\/image\/\",\"url\":\"https:\/\/astonmartinbarcelona.com\/wp-content\/uploads\/2024\/09\/AM_Authorised_Dealer_Logo_Barcelona-e1728334943265.png\",\"contentUrl\":\"https:\/\/astonmartinbarcelona.com\/wp-content\/uploads\/2024\/09\/AM_Authorised_Dealer_Logo_Barcelona-e1728334943265.png\",\"width\":1300,\"height\":638,\"caption\":\"Aston Martin Barcelona, concesionario oficial\"},\"image\":{\"@id\":\"https:\/\/astonmartinbarcelona.com\/#\/schema\/logo\/image\/\"},\"sameAs\":[\"https:\/\/www.instagram.com\/astonmartinbarcelona\/\"]}]}<\/script>\n<!-- \/ Yoast SEO plugin. -->","yoast_head_json":{"title":"Contacta con Aston Martin Barcelona o vis\u00edtanos","description":"Aqu\u00ed encontrar\u00e1s todos nuestros datos de contacto, para hablar con ventas o nuestro servicio t\u00e9cnico oficial Aston Martin","robots":{"index":"index","follow":"follow","max-snippet":"max-snippet:-1","max-image-preview":"max-image-preview:large","max-video-preview":"max-video-preview:-1"},"canonical":"https:\/\/astonmartinbarcelona.com\/contact\/","og_locale":"es_ES","og_type":"article","og_title":"Contacta con Aston Martin Barcelona o vis\u00edtanos","og_description":"Aqu\u00ed encontrar\u00e1s todos nuestros datos de contacto, para hablar con ventas o nuestro servicio t\u00e9cnico oficial Aston Martin","og_url":"https:\/\/astonmartinbarcelona.com\/contact\/","og_site_name":"Aston Martin Barcelona Official Dealer","article_modified_time":"2026-05-07T15:12:46+00:00","og_image":[{"width":1269,"height":598,"url":"https:\/\/astonmartinbarcelona.com\/wp-content\/uploads\/2024\/12\/AM_Authorised_Dealer_Logo_Barcelona_black-e1727788032280.png","type":"image\/png"}],"twitter_card":"summary_large_image","twitter_misc":{"Tiempo de lectura":"1 minuto"},"schema":{"@context":"https:\/\/schema.org","@graph":[{"@type":"WebPage","@id":"https:\/\/astonmartinbarcelona.com\/contact\/","url":"https:\/\/astonmartinbarcelona.com\/contact\/","name":"Contacta con Aston Martin Barcelona o vis\u00edtanos","isPartOf":{"@id":"https:\/\/astonmartinbarcelona.com\/#website"},"primaryImageOfPage":{"@id":"https:\/\/astonmartinbarcelona.com\/contact\/#primaryimage"},"image":{"@id":"https:\/\/astonmartinbarcelona.com\/contact\/#primaryimage"},"thumbnailUrl":"https:\/\/astonmartinbarcelona.com\/wp-content\/uploads\/2024\/12\/AM_Authorised_Dealer_Logo_Barcelona_black-e1727788032280.png","datePublished":"2024-12-24T11:26:22+00:00","dateModified":"2026-05-07T15:12:46+00:00","description":"Aqu\u00ed encontrar\u00e1s todos nuestros datos de contacto, para hablar con ventas o nuestro servicio t\u00e9cnico oficial Aston Martin","breadcrumb":{"@id":"https:\/\/astonmartinbarcelona.com\/contact\/#breadcrumb"},"inLanguage":"es","potentialAction":[{"@type":"ReadAction","target":["https:\/\/astonmartinbarcelona.com\/contact\/"]}]},{"@type":"ImageObject","inLanguage":"es","@id":"https:\/\/astonmartinbarcelona.com\/contact\/#primaryimage","url":"https:\/\/astonmartinbarcelona.com\/wp-content\/uploads\/2024\/12\/AM_Authorised_Dealer_Logo_Barcelona_black-e1727788032280.png","contentUrl":"https:\/\/astonmartinbarcelona.com\/wp-content\/uploads\/2024\/12\/AM_Authorised_Dealer_Logo_Barcelona_black-e1727788032280.png"},{"@type":"BreadcrumbList","@id":"https:\/\/astonmartinbarcelona.com\/contact\/#breadcrumb","itemListElement":[{"@type":"ListItem","position":1,"name":"Portada","item":"https:\/\/astonmartinbarcelona.com\/"},{"@type":"ListItem","position":2,"name":"Contacto"}]},{"@type":"WebSite","@id":"https:\/\/astonmartinbarcelona.com\/#website","url":"https:\/\/astonmartinbarcelona.com\/","name":"Aston Martin Barcelona, concesionario oficial","description":"Concesionario oficial Aston Martin y Servicio T\u00e9cnico en Barcelona","publisher":{"@id":"https:\/\/astonmartinbarcelona.com\/#organization"},"potentialAction":[{"@type":"SearchAction","target":{"@type":"EntryPoint","urlTemplate":"https:\/\/astonmartinbarcelona.com\/?s={search_term_string}"},"query-input":{"@type":"PropertyValueSpecification","valueRequired":true,"valueName":"search_term_string"}}],"inLanguage":"es"},{"@type":"Organization","@id":"https:\/\/astonmartinbarcelona.com\/#organization","name":"Aston Martin Barcelona, concesionario oficial","url":"https:\/\/astonmartinbarcelona.com\/","logo":{"@type":"ImageObject","inLanguage":"es","@id":"https:\/\/astonmartinbarcelona.com\/#\/schema\/logo\/image\/","url":"https:\/\/astonmartinbarcelona.com\/wp-content\/uploads\/2024\/09\/AM_Authorised_Dealer_Logo_Barcelona-e1728334943265.png","contentUrl":"https:\/\/astonmartinbarcelona.com\/wp-content\/uploads\/2024\/09\/AM_Authorised_Dealer_Logo_Barcelona-e1728334943265.png","width":1300,"height":638,"caption":"Aston Martin Barcelona, concesionario oficial"},"image":{"@id":"https:\/\/astonmartinbarcelona.com\/#\/schema\/logo\/image\/"},"sameAs":["https:\/\/www.instagram.com\/astonmartinbarcelona\/"]}]}},"_links":{"self":[{"href":"https:\/\/astonmartinbarcelona.com\/es\/wp-json\/wp\/v2\/pages\/1874","targetHints":{"allow":["GET"]}}],"collection":[{"href":"https:\/\/astonmartinbarcelona.com\/es\/wp-json\/wp\/v2\/pages"}],"about":[{"href":"https:\/\/astonmartinbarcelona.com\/es\/wp-json\/wp\/v2\/types\/page"}],"author":[{"embeddable":true,"href":"https:\/\/astonmartinbarcelona.com\/es\/wp-json\/wp\/v2\/users\/1"}],"replies":[{"embeddable":true,"href":"https:\/\/astonmartinbarcelona.com\/es\/wp-json\/wp\/v2\/comments?post=1874"}],"version-history":[{"count":17,"href":"https:\/\/astonmartinbarcelona.com\/es\/wp-json\/wp\/v2\/pages\/1874\/revisions"}],"predecessor-version":[{"id":7049,"href":"https:\/\/astonmartinbarcelona.com\/es\/wp-json\/wp\/v2\/pages\/1874\/revisions\/7049"}],"wp:attachment":[{"href":"https:\/\/astonmartinbarcelona.com\/es\/wp-json\/wp\/v2\/media?parent=1874"}],"curies":[{"name":"wp","href":"https:\/\/api.w.org\/{rel}","templated":true}]}}